{"id":307,"date":"2021-10-28T15:47:22","date_gmt":"2021-10-28T13:47:22","guid":{"rendered":"http:\/\/www.aloha-company.de\/?page_id=307"},"modified":"2023-01-11T17:30:51","modified_gmt":"2023-01-11T16:30:51","slug":"ueber-mich","status":"publish","type":"page","link":"http:\/\/www.aloha-company.de\/index.php\/ueber-mich\/","title":{"rendered":"\u00dcber mich"},"content":{"rendered":"\t\t<div data-elementor-type=\"wp-page\" data-elementor-id=\"307\" class=\"elementor elementor-307\">\n\t\t\t\t\t\t<section class=\"elementor-section elementor-top-section elementor-element elementor-element-567cc0f elementor-section-boxed elementor-section-height-default elementor-section-height-default\" data-id=\"567cc0f\" data-element_type=\"section\" data-e-type=\"section\">\n\t\t\t\t\t\t<div class=\"elementor-container elementor-column-gap-default\">\n\t\t\t\t\t<div class=\"elementor-column elementor-col-33 elementor-top-column elementor-element elementor-element-7ae8852\" data-id=\"7ae8852\" data-element_type=\"column\" data-e-type=\"column\">\n\t\t\t<div class=\"elementor-widget-wrap elementor-element-populated\">\n\t\t\t\t\t\t<div class=\"elementor-element elementor-element-c231c37 elementor-widget elementor-widget-image\" data-id=\"c231c37\" data-element_type=\"widget\" data-e-type=\"widget\" data-widget_type=\"image.default\">\n\t\t\t\t<div class=\"elementor-widget-container\">\n\t\t\t\t\t\t\t\t\t\t\t\t\t\t\t<img fetchpriority=\"high\" decoding=\"async\" width=\"750\" height=\"1000\" src=\"http:\/\/www.aloha-company.de\/wp-content\/uploads\/2021\/10\/angela_gepunktet.jpg\" class=\"attachment-large size-large wp-image-325\" alt=\"\" srcset=\"http:\/\/www.aloha-company.de\/wp-content\/uploads\/2021\/10\/angela_gepunktet.jpg 768w, http:\/\/www.aloha-company.de\/wp-content\/uploads\/2021\/10\/angela_gepunktet-225x300.jpg 225w\" sizes=\"(max-width: 750px) 100vw, 750px\" \/>\t\t\t\t\t\t\t\t\t\t\t\t\t\t\t<\/div>\n\t\t\t\t<\/div>\n\t\t\t\t\t<\/div>\n\t\t<\/div>\n\t\t\t\t<div class=\"elementor-column elementor-col-66 elementor-top-column elementor-element elementor-element-af1785b\" data-id=\"af1785b\" data-element_type=\"column\" data-e-type=\"column\">\n\t\t\t<div class=\"elementor-widget-wrap elementor-element-populated\">\n\t\t\t\t\t\t<div class=\"elementor-element elementor-element-ba0209a elementor-widget elementor-widget-text-editor\" data-id=\"ba0209a\" data-element_type=\"widget\" data-e-type=\"widget\" data-widget_type=\"text-editor.default\">\n\t\t\t\t<div class=\"elementor-widget-container\">\n\t\t\t\t\t\t\t\t\t<p>Als selbstst\u00e4ndige Grafikerin arbeite ich in Bensberg, in der N\u00e4he von K\u00f6ln und entwerfe in meinem Atelier visuelle Konzepte f\u00fcr die verschiedensten Kunden im Bereich Print und Internet.<br \/><br \/>Meine Passion gilt den bildenden K\u00fcnsten und dieser Leidenschaft folge ich in jeder freien Minute. Meine Kunst basiert haupts\u00e4chlich auf digitalen Fotomontagen und Collagen aus meinem Foto-Fundus. Die Natur spielt eine tragende Rolle in meinen Werken. Ich zerlege und demontiere Fotografien von Blumen, Landschaften, Personen etc., um diese Einzelteile neu zu arrangieren. Durch digitale Manipulation, aber auch direkte Bearbeitung verschiedenster Materialien (Bl\u00e4ttern, Bl\u00fcten, Sand, Erde, M\u00fcll&#8230;) entstehen v\u00f6llig neue Kompositionen.<\/p><p>Wer sich \u00fcber mein Grafikb\u00fcro informieren m\u00f6chte kann dies \u00fcber den folgenden Link tun.<\/p>\t\t\t\t\t\t\t\t<\/div>\n\t\t\t\t<\/div>\n\t\t\t\t\t<\/div>\n\t\t<\/div>\n\t\t\t\t\t<\/div>\n\t\t<\/section>\n\t\t\t\t<section class=\"elementor-section elementor-top-section elementor-element elementor-element-3869945 elementor-section-boxed elementor-section-height-default elementor-section-height-default\" data-id=\"3869945\" data-element_type=\"section\" data-e-type=\"section\">\n\t\t\t\t\t\t<div class=\"elementor-container elementor-column-gap-default\">\n\t\t\t\t\t<div class=\"elementor-column elementor-col-33 elementor-top-column elementor-element elementor-element-9c09df4\" data-id=\"9c09df4\" data-element_type=\"column\" data-e-type=\"column\">\n\t\t\t<div class=\"elementor-widget-wrap\">\n\t\t\t\t\t\t\t<\/div>\n\t\t<\/div>\n\t\t\t\t<div class=\"elementor-column elementor-col-66 elementor-top-column elementor-element elementor-element-fbde3c6\" data-id=\"fbde3c6\" data-element_type=\"column\" data-e-type=\"column\">\n\t\t\t<div class=\"elementor-widget-wrap elementor-element-populated\">\n\t\t\t\t\t\t<div class=\"elementor-element elementor-element-d2a0cef elementor-widget elementor-widget-image\" data-id=\"d2a0cef\" data-element_type=\"widget\" data-e-type=\"widget\" data-widget_type=\"image.default\">\n\t\t\t\t<div class=\"elementor-widget-container\">\n\t\t\t\t\t\t\t\t\t\t\t\t\t\t\t\t<a href=\"http:\/\/haawei-net.de\/\" target=\"_blank\">\n\t\t\t\t\t\t\t<img decoding=\"async\" width=\"300\" height=\"203\" src=\"http:\/\/www.aloha-company.de\/wp-content\/uploads\/2022\/08\/aHa-multikunst-300x203.jpg\" class=\"attachment-medium size-medium wp-image-766\" alt=\"\" srcset=\"http:\/\/www.aloha-company.de\/wp-content\/uploads\/2022\/08\/aHa-multikunst-300x203.jpg 300w, http:\/\/www.aloha-company.de\/wp-content\/uploads\/2022\/08\/aHa-multikunst.jpg 677w\" sizes=\"(max-width: 300px) 100vw, 300px\" \/>\t\t\t\t\t\t\t\t<\/a>\n\t\t\t\t\t\t\t\t\t\t\t\t\t\t\t<\/div>\n\t\t\t\t<\/div>\n\t\t\t\t\t<\/div>\n\t\t<\/div>\n\t\t\t\t\t<\/div>\n\t\t<\/section>\n\t\t\t\t<\/div>\n\t\t","protected":false},"excerpt":{"rendered":"<p>Als selbstst\u00e4ndige Grafikerin arbeite ich in Bensberg, in der N\u00e4he von K\u00f6ln und entwerfe in meinem Atelier visuelle Konzepte f\u00fcr die verschiedensten Kunden im Bereich Print und Internet. Meine Passion gilt den bildenden K\u00fcnsten und dieser Leidenschaft folge ich in jeder freien Minute. Meine Kunst basiert haupts\u00e4chlich auf digitalen Fotomontagen [&hellip;]<\/p>\n","protected":false},"author":1,"featured_media":842,"parent":0,"menu_order":0,"comment_status":"closed","ping_status":"closed","template":"","meta":{"footnotes":""},"class_list":["post-307","page","type-page","status-publish","has-post-thumbnail","hentry"],"yoast_head":"<!-- This site is optimized with the Yoast SEO plugin v27.4 - https:\/\/yoast.com\/product\/yoast-seo-wordpress\/ -->\n<title>\u00dcber mich -<\/title>\n<meta name=\"description\" content=\"Als selbstst\u00e4ndige Grafikerin arbeite ich in Bensberg und entwerfe visuelle Konzepte im Bereich Print und Internet.\" \/>\n<meta name=\"robots\" content=\"index, follow, max-snippet:-1, max-image-preview:large, max-video-preview:-1\" \/>\n<link rel=\"canonical\" href=\"https:\/\/www.aloha-company.de\/index.php\/ueber-mich\/\" \/>\n<meta property=\"og:locale\" content=\"de_DE\" \/>\n<meta property=\"og:type\" content=\"article\" \/>\n<meta property=\"og:title\" content=\"\u00dcber mich -\" \/>\n<meta property=\"og:description\" content=\"Als selbstst\u00e4ndige Grafikerin arbeite ich in Bensberg und entwerfe visuelle Konzepte im Bereich Print und Internet.\" \/>\n<meta property=\"og:url\" content=\"https:\/\/www.aloha-company.de\/index.php\/ueber-mich\/\" \/>\n<meta property=\"article:modified_time\" content=\"2023-01-11T16:30:51+00:00\" \/>\n<meta property=\"og:image\" content=\"https:\/\/www.aloha-company.de\/wp-content\/uploads\/2022\/08\/angela_verschwommen02.jpg\" \/>\n\t<meta property=\"og:image:width\" content=\"900\" \/>\n\t<meta property=\"og:image:height\" content=\"900\" \/>\n\t<meta property=\"og:image:type\" content=\"image\/jpeg\" \/>\n<meta name=\"twitter:card\" content=\"summary_large_image\" \/>\n<meta name=\"twitter:label1\" content=\"Gesch\u00e4tzte Lesezeit\" \/>\n\t<meta name=\"twitter:data1\" content=\"2\u00a0Minuten\" \/>\n<script type=\"application\/ld+json\" class=\"yoast-schema-graph\">{\"@context\":\"https:\\\/\\\/schema.org\",\"@graph\":[{\"@type\":\"WebPage\",\"@id\":\"https:\\\/\\\/www.aloha-company.de\\\/index.php\\\/ueber-mich\\\/\",\"url\":\"https:\\\/\\\/www.aloha-company.de\\\/index.php\\\/ueber-mich\\\/\",\"name\":\"\u00dcber mich -\",\"isPartOf\":{\"@id\":\"https:\\\/\\\/www.aloha-company.de\\\/#website\"},\"primaryImageOfPage\":{\"@id\":\"https:\\\/\\\/www.aloha-company.de\\\/index.php\\\/ueber-mich\\\/#primaryimage\"},\"image\":{\"@id\":\"https:\\\/\\\/www.aloha-company.de\\\/index.php\\\/ueber-mich\\\/#primaryimage\"},\"thumbnailUrl\":\"http:\\\/\\\/www.aloha-company.de\\\/wp-content\\\/uploads\\\/2022\\\/08\\\/angela_verschwommen02.jpg\",\"datePublished\":\"2021-10-28T13:47:22+00:00\",\"dateModified\":\"2023-01-11T16:30:51+00:00\",\"description\":\"Als selbstst\u00e4ndige Grafikerin arbeite ich in Bensberg und entwerfe visuelle Konzepte im Bereich Print und Internet.\",\"breadcrumb\":{\"@id\":\"https:\\\/\\\/www.aloha-company.de\\\/index.php\\\/ueber-mich\\\/#breadcrumb\"},\"inLanguage\":\"de\",\"potentialAction\":[{\"@type\":\"ReadAction\",\"target\":[\"https:\\\/\\\/www.aloha-company.de\\\/index.php\\\/ueber-mich\\\/\"]}]},{\"@type\":\"ImageObject\",\"inLanguage\":\"de\",\"@id\":\"https:\\\/\\\/www.aloha-company.de\\\/index.php\\\/ueber-mich\\\/#primaryimage\",\"url\":\"http:\\\/\\\/www.aloha-company.de\\\/wp-content\\\/uploads\\\/2022\\\/08\\\/angela_verschwommen02.jpg\",\"contentUrl\":\"http:\\\/\\\/www.aloha-company.de\\\/wp-content\\\/uploads\\\/2022\\\/08\\\/angela_verschwommen02.jpg\",\"width\":900,\"height\":900,\"caption\":\"Cappucino-Nebel\"},{\"@type\":\"BreadcrumbList\",\"@id\":\"https:\\\/\\\/www.aloha-company.de\\\/index.php\\\/ueber-mich\\\/#breadcrumb\",\"itemListElement\":[{\"@type\":\"ListItem\",\"position\":1,\"name\":\"Startseite\",\"item\":\"https:\\\/\\\/www.aloha-company.de\\\/\"},{\"@type\":\"ListItem\",\"position\":2,\"name\":\"\u00dcber mich\"}]},{\"@type\":\"WebSite\",\"@id\":\"https:\\\/\\\/www.aloha-company.de\\\/#website\",\"url\":\"https:\\\/\\\/www.aloha-company.de\\\/\",\"name\":\"Angela Haake-Weiler\",\"description\":\"\",\"publisher\":{\"@id\":\"https:\\\/\\\/www.aloha-company.de\\\/#\\\/schema\\\/person\\\/eece843a889d6a1a2f91336f75a04527\"},\"potentialAction\":[{\"@type\":\"SearchAction\",\"target\":{\"@type\":\"EntryPoint\",\"urlTemplate\":\"https:\\\/\\\/www.aloha-company.de\\\/?s={search_term_string}\"},\"query-input\":{\"@type\":\"PropertyValueSpecification\",\"valueRequired\":true,\"valueName\":\"search_term_string\"}}],\"inLanguage\":\"de\"},{\"@type\":[\"Person\",\"Organization\"],\"@id\":\"https:\\\/\\\/www.aloha-company.de\\\/#\\\/schema\\\/person\\\/eece843a889d6a1a2f91336f75a04527\",\"name\":\"SebAng_19\",\"image\":{\"@type\":\"ImageObject\",\"inLanguage\":\"de\",\"@id\":\"http:\\\/\\\/www.aloha-company.de\\\/wp-content\\\/uploads\\\/2021\\\/10\\\/logo.png\",\"url\":\"http:\\\/\\\/www.aloha-company.de\\\/wp-content\\\/uploads\\\/2021\\\/10\\\/logo.png\",\"contentUrl\":\"http:\\\/\\\/www.aloha-company.de\\\/wp-content\\\/uploads\\\/2021\\\/10\\\/logo.png\",\"width\":395,\"height\":236,\"caption\":\"SebAng_19\"},\"logo\":{\"@id\":\"http:\\\/\\\/www.aloha-company.de\\\/wp-content\\\/uploads\\\/2021\\\/10\\\/logo.png\"}}]}<\/script>\n<!-- \/ Yoast SEO plugin. -->","yoast_head_json":{"title":"\u00dcber mich -","description":"Als selbstst\u00e4ndige Grafikerin arbeite ich in Bensberg und entwerfe visuelle Konzepte im Bereich Print und Internet.","robots":{"index":"index","follow":"follow","max-snippet":"max-snippet:-1","max-image-preview":"max-image-preview:large","max-video-preview":"max-video-preview:-1"},"canonical":"https:\/\/www.aloha-company.de\/index.php\/ueber-mich\/","og_locale":"de_DE","og_type":"article","og_title":"\u00dcber mich -","og_description":"Als selbstst\u00e4ndige Grafikerin arbeite ich in Bensberg und entwerfe visuelle Konzepte im Bereich Print und Internet.","og_url":"https:\/\/www.aloha-company.de\/index.php\/ueber-mich\/","article_modified_time":"2023-01-11T16:30:51+00:00","og_image":[{"width":900,"height":900,"url":"https:\/\/www.aloha-company.de\/wp-content\/uploads\/2022\/08\/angela_verschwommen02.jpg","type":"image\/jpeg"}],"twitter_card":"summary_large_image","twitter_misc":{"Gesch\u00e4tzte Lesezeit":"2\u00a0Minuten"},"schema":{"@context":"https:\/\/schema.org","@graph":[{"@type":"WebPage","@id":"https:\/\/www.aloha-company.de\/index.php\/ueber-mich\/","url":"https:\/\/www.aloha-company.de\/index.php\/ueber-mich\/","name":"\u00dcber mich -","isPartOf":{"@id":"https:\/\/www.aloha-company.de\/#website"},"primaryImageOfPage":{"@id":"https:\/\/www.aloha-company.de\/index.php\/ueber-mich\/#primaryimage"},"image":{"@id":"https:\/\/www.aloha-company.de\/index.php\/ueber-mich\/#primaryimage"},"thumbnailUrl":"http:\/\/www.aloha-company.de\/wp-content\/uploads\/2022\/08\/angela_verschwommen02.jpg","datePublished":"2021-10-28T13:47:22+00:00","dateModified":"2023-01-11T16:30:51+00:00","description":"Als selbstst\u00e4ndige Grafikerin arbeite ich in Bensberg und entwerfe visuelle Konzepte im Bereich Print und Internet.","breadcrumb":{"@id":"https:\/\/www.aloha-company.de\/index.php\/ueber-mich\/#breadcrumb"},"inLanguage":"de","potentialAction":[{"@type":"ReadAction","target":["https:\/\/www.aloha-company.de\/index.php\/ueber-mich\/"]}]},{"@type":"ImageObject","inLanguage":"de","@id":"https:\/\/www.aloha-company.de\/index.php\/ueber-mich\/#primaryimage","url":"http:\/\/www.aloha-company.de\/wp-content\/uploads\/2022\/08\/angela_verschwommen02.jpg","contentUrl":"http:\/\/www.aloha-company.de\/wp-content\/uploads\/2022\/08\/angela_verschwommen02.jpg","width":900,"height":900,"caption":"Cappucino-Nebel"},{"@type":"BreadcrumbList","@id":"https:\/\/www.aloha-company.de\/index.php\/ueber-mich\/#breadcrumb","itemListElement":[{"@type":"ListItem","position":1,"name":"Startseite","item":"https:\/\/www.aloha-company.de\/"},{"@type":"ListItem","position":2,"name":"\u00dcber mich"}]},{"@type":"WebSite","@id":"https:\/\/www.aloha-company.de\/#website","url":"https:\/\/www.aloha-company.de\/","name":"Angela Haake-Weiler","description":"","publisher":{"@id":"https:\/\/www.aloha-company.de\/#\/schema\/person\/eece843a889d6a1a2f91336f75a04527"},"potentialAction":[{"@type":"SearchAction","target":{"@type":"EntryPoint","urlTemplate":"https:\/\/www.aloha-company.de\/?s={search_term_string}"},"query-input":{"@type":"PropertyValueSpecification","valueRequired":true,"valueName":"search_term_string"}}],"inLanguage":"de"},{"@type":["Person","Organization"],"@id":"https:\/\/www.aloha-company.de\/#\/schema\/person\/eece843a889d6a1a2f91336f75a04527","name":"SebAng_19","image":{"@type":"ImageObject","inLanguage":"de","@id":"http:\/\/www.aloha-company.de\/wp-content\/uploads\/2021\/10\/logo.png","url":"http:\/\/www.aloha-company.de\/wp-content\/uploads\/2021\/10\/logo.png","contentUrl":"http:\/\/www.aloha-company.de\/wp-content\/uploads\/2021\/10\/logo.png","width":395,"height":236,"caption":"SebAng_19"},"logo":{"@id":"http:\/\/www.aloha-company.de\/wp-content\/uploads\/2021\/10\/logo.png"}}]}},"_links":{"self":[{"href":"http:\/\/www.aloha-company.de\/index.php\/wp-json\/wp\/v2\/pages\/307","targetHints":{"allow":["GET"]}}],"collection":[{"href":"http:\/\/www.aloha-company.de\/index.php\/wp-json\/wp\/v2\/pages"}],"about":[{"href":"http:\/\/www.aloha-company.de\/index.php\/wp-json\/wp\/v2\/types\/page"}],"author":[{"embeddable":true,"href":"http:\/\/www.aloha-company.de\/index.php\/wp-json\/wp\/v2\/users\/1"}],"replies":[{"embeddable":true,"href":"http:\/\/www.aloha-company.de\/index.php\/wp-json\/wp\/v2\/comments?post=307"}],"version-history":[{"count":19,"href":"http:\/\/www.aloha-company.de\/index.php\/wp-json\/wp\/v2\/pages\/307\/revisions"}],"predecessor-version":[{"id":974,"href":"http:\/\/www.aloha-company.de\/index.php\/wp-json\/wp\/v2\/pages\/307\/revisions\/974"}],"wp:featuredmedia":[{"embeddable":true,"href":"http:\/\/www.aloha-company.de\/index.php\/wp-json\/wp\/v2\/media\/842"}],"wp:attachment":[{"href":"http:\/\/www.aloha-company.de\/index.php\/wp-json\/wp\/v2\/media?parent=307"}],"curies":[{"name":"wp","href":"https:\/\/api.w.org\/{rel}","templated":true}]}}