{"id":308,"date":"2021-10-28T15:47:22","date_gmt":"2021-10-28T13:47:22","guid":{"rendered":"http:\/\/www.aloha-company.de\/?page_id=308"},"modified":"2024-09-10T14:05:40","modified_gmt":"2024-09-10T12:05:40","slug":"galerie","status":"publish","type":"page","link":"http:\/\/www.aloha-company.de\/","title":{"rendered":"Aloha"},"content":{"rendered":"\t\t<div data-elementor-type=\"wp-page\" data-elementor-id=\"308\" class=\"elementor elementor-308\">\n\t\t\t\t\t\t<section class=\"elementor-section elementor-top-section elementor-element elementor-element-d9a0126 elementor-section-boxed elementor-section-height-default elementor-section-height-default\" data-id=\"d9a0126\" data-element_type=\"section\" data-e-type=\"section\">\n\t\t\t\t\t\t<div class=\"elementor-container elementor-column-gap-default\">\n\t\t\t\t\t<div class=\"elementor-column elementor-col-100 elementor-top-column elementor-element elementor-element-cec17a1\" data-id=\"cec17a1\" data-element_type=\"column\" data-e-type=\"column\">\n\t\t\t<div class=\"elementor-widget-wrap elementor-element-populated\">\n\t\t\t\t\t\t<div class=\"elementor-element elementor-element-7b5cb9c elementor-widget elementor-widget-heading\" data-id=\"7b5cb9c\" data-element_type=\"widget\" data-e-type=\"widget\" data-widget_type=\"heading.default\">\n\t\t\t\t<div class=\"elementor-widget-container\">\n\t\t\t\t\t<h2 class=\"elementor-heading-title elementor-size-default\">Herzlich Willkommen<\/h2>\t\t\t\t<\/div>\n\t\t\t\t<\/div>\n\t\t\t\t\t<\/div>\n\t\t<\/div>\n\t\t\t\t\t<\/div>\n\t\t<\/section>\n\t\t\t\t<section class=\"elementor-section elementor-top-section elementor-element elementor-element-9a716c4 elementor-section-content-top elementor-section-boxed elementor-section-height-default elementor-section-height-default\" data-id=\"9a716c4\" data-element_type=\"section\" data-e-type=\"section\">\n\t\t\t\t\t\t<div class=\"elementor-container elementor-column-gap-default\">\n\t\t\t\t\t<div class=\"elementor-column elementor-col-100 elementor-top-column elementor-element elementor-element-6764422\" data-id=\"6764422\" data-element_type=\"column\" data-e-type=\"column\">\n\t\t\t<div class=\"elementor-widget-wrap elementor-element-populated\">\n\t\t\t\t\t\t<div class=\"elementor-element elementor-element-09c12c6 elementor-widget elementor-widget-text-editor\" data-id=\"09c12c6\" data-element_type=\"widget\" data-e-type=\"widget\" data-widget_type=\"text-editor.default\">\n\t\t\t\t<div class=\"elementor-widget-container\">\n\t\t\t\t\t\t\t\t\t<p>auf meinem Kunstplaneten. Unter dem Motto &#8222;NAT\u00dcRLICH &#8211; UNNAT\u00dcRLICH&#8220; lade ich SIe in die experimentelle Welt meiner Kunst ein.<\/p><p>Natur und Umwelt sind die Quelle meiner Inspiration. Fotografie dient mir als Diarium und ist in vielen Werken der Rohstoff meiner Sch\u00f6pfungen. In einem kreativen Prozess verwandle ich allt\u00e4gliche Momente und Objekte in etwas v\u00f6llig Neues und Unerwartetes. Mit Liebe zum Detail und einer Leidenschaft f\u00fcr Ver\u00e4nderung experimentiere ich mit einer Vielzahl von Materialien. Sowohl Altes, als auch Neues findet seine neue Bestimmung. Durch die Wiederverwendung alter, gebrauchter Materialien versuche ich, soweit m\u00f6glich, Ressourcenschonend zu arbeiten.<\/p><p>Lassen Sie sich inspirieren und entdeken Sie die Symbiose aus Nat\u00fcrlichem und Unnat\u00fcrlichem.<\/p>\t\t\t\t\t\t\t\t<\/div>\n\t\t\t\t<\/div>\n\t\t\t\t\t<\/div>\n\t\t<\/div>\n\t\t\t\t\t<\/div>\n\t\t<\/section>\n\t\t\t\t<section class=\"elementor-section elementor-top-section elementor-element elementor-element-0973b94 elementor-section-boxed elementor-section-height-default elementor-section-height-default\" data-id=\"0973b94\" data-element_type=\"section\" data-e-type=\"section\">\n\t\t\t\t\t\t<div class=\"elementor-container elementor-column-gap-default\">\n\t\t\t\t\t<div class=\"elementor-column elementor-col-100 elementor-top-column elementor-element elementor-element-9aa27a4\" data-id=\"9aa27a4\" data-element_type=\"column\" data-e-type=\"column\">\n\t\t\t<div class=\"elementor-widget-wrap elementor-element-populated\">\n\t\t\t\t\t\t<div class=\"elementor-element elementor-element-b39e501 elementor-widget elementor-widget-spacer\" data-id=\"b39e501\" data-element_type=\"widget\" data-e-type=\"widget\" data-widget_type=\"spacer.default\">\n\t\t\t\t<div class=\"elementor-widget-container\">\n\t\t\t\t\t\t\t<div class=\"elementor-spacer\">\n\t\t\t<div class=\"elementor-spacer-inner\"><\/div>\n\t\t<\/div>\n\t\t\t\t\t\t<\/div>\n\t\t\t\t<\/div>\n\t\t\t\t\t<\/div>\n\t\t<\/div>\n\t\t\t\t\t<\/div>\n\t\t<\/section>\n\t\t\t\t<\/div>\n\t\t","protected":false},"excerpt":{"rendered":"<p>Herzlich Willkommen auf meinem Kunstplaneten. Unter dem Motto &#8222;NAT\u00dcRLICH &#8211; UNNAT\u00dcRLICH&#8220; lade ich SIe in die experimentelle Welt meiner Kunst ein. Natur und Umwelt sind die Quelle meiner Inspiration. Fotografie dient mir als Diarium und ist in vielen Werken der Rohstoff meiner Sch\u00f6pfungen. In einem kreativen Prozess verwandle ich allt\u00e4gliche [&hellip;]<\/p>\n","protected":false},"author":1,"featured_media":408,"parent":0,"menu_order":0,"comment_status":"closed","ping_status":"closed","template":"","meta":{"footnotes":""},"class_list":["post-308","page","type-page","status-publish","has-post-thumbnail","hentry"],"yoast_head":"<!-- This site is optimized with the Yoast SEO plugin v27.4 - https:\/\/yoast.com\/product\/yoast-seo-wordpress\/ -->\n<title>Aloha -<\/title>\n<meta name=\"description\" content=\"Bildergalerie der K\u00fcnstlerin Angela Haake-Weiler. Digitale und analoge Kunst.\" \/>\n<meta name=\"robots\" content=\"index, follow, max-snippet:-1, max-image-preview:large, max-video-preview:-1\" \/>\n<link rel=\"canonical\" href=\"https:\/\/www.aloha-company.de\/\" \/>\n<meta property=\"og:locale\" content=\"de_DE\" \/>\n<meta property=\"og:type\" content=\"article\" \/>\n<meta property=\"og:title\" content=\"Aloha -\" \/>\n<meta property=\"og:description\" content=\"Bildergalerie der K\u00fcnstlerin Angela Haake-Weiler. Digitale und analoge Kunst.\" \/>\n<meta property=\"og:url\" content=\"https:\/\/www.aloha-company.de\/\" \/>\n<meta property=\"article:modified_time\" content=\"2024-09-10T12:05:40+00:00\" \/>\n<meta property=\"og:image\" content=\"https:\/\/www.aloha-company.de\/wp-content\/uploads\/2021\/11\/angi_japan.jpg\" \/>\n\t<meta property=\"og:image:width\" content=\"600\" \/>\n\t<meta property=\"og:image:height\" content=\"450\" \/>\n\t<meta property=\"og:image:type\" content=\"image\/jpeg\" \/>\n<meta name=\"twitter:card\" content=\"summary_large_image\" \/>\n<meta name=\"twitter:label1\" content=\"Gesch\u00e4tzte Lesezeit\" \/>\n\t<meta name=\"twitter:data1\" content=\"1\u00a0Minute\" \/>\n<script type=\"application\/ld+json\" class=\"yoast-schema-graph\">{\"@context\":\"https:\\\/\\\/schema.org\",\"@graph\":[{\"@type\":\"WebPage\",\"@id\":\"https:\\\/\\\/www.aloha-company.de\\\/\",\"url\":\"https:\\\/\\\/www.aloha-company.de\\\/\",\"name\":\"Aloha -\",\"isPartOf\":{\"@id\":\"https:\\\/\\\/www.aloha-company.de\\\/#website\"},\"primaryImageOfPage\":{\"@id\":\"https:\\\/\\\/www.aloha-company.de\\\/#primaryimage\"},\"image\":{\"@id\":\"https:\\\/\\\/www.aloha-company.de\\\/#primaryimage\"},\"thumbnailUrl\":\"http:\\\/\\\/www.aloha-company.de\\\/wp-content\\\/uploads\\\/2021\\\/11\\\/angi_japan.jpg\",\"datePublished\":\"2021-10-28T13:47:22+00:00\",\"dateModified\":\"2024-09-10T12:05:40+00:00\",\"description\":\"Bildergalerie der K\u00fcnstlerin Angela Haake-Weiler. Digitale und analoge Kunst.\",\"breadcrumb\":{\"@id\":\"https:\\\/\\\/www.aloha-company.de\\\/#breadcrumb\"},\"inLanguage\":\"de\",\"potentialAction\":[{\"@type\":\"ReadAction\",\"target\":[\"https:\\\/\\\/www.aloha-company.de\\\/\"]}]},{\"@type\":\"ImageObject\",\"inLanguage\":\"de\",\"@id\":\"https:\\\/\\\/www.aloha-company.de\\\/#primaryimage\",\"url\":\"http:\\\/\\\/www.aloha-company.de\\\/wp-content\\\/uploads\\\/2021\\\/11\\\/angi_japan.jpg\",\"contentUrl\":\"http:\\\/\\\/www.aloha-company.de\\\/wp-content\\\/uploads\\\/2021\\\/11\\\/angi_japan.jpg\",\"width\":600,\"height\":450,\"caption\":\"self\"},{\"@type\":\"BreadcrumbList\",\"@id\":\"https:\\\/\\\/www.aloha-company.de\\\/#breadcrumb\",\"itemListElement\":[{\"@type\":\"ListItem\",\"position\":1,\"name\":\"Startseite\",\"item\":\"https:\\\/\\\/www.aloha-company.de\\\/\"},{\"@type\":\"ListItem\",\"position\":2,\"name\":\"Aloha\"}]},{\"@type\":\"WebSite\",\"@id\":\"https:\\\/\\\/www.aloha-company.de\\\/#website\",\"url\":\"https:\\\/\\\/www.aloha-company.de\\\/\",\"name\":\"Angela Haake-Weiler\",\"description\":\"\",\"publisher\":{\"@id\":\"https:\\\/\\\/www.aloha-company.de\\\/#\\\/schema\\\/person\\\/eece843a889d6a1a2f91336f75a04527\"},\"potentialAction\":[{\"@type\":\"SearchAction\",\"target\":{\"@type\":\"EntryPoint\",\"urlTemplate\":\"https:\\\/\\\/www.aloha-company.de\\\/?s={search_term_string}\"},\"query-input\":{\"@type\":\"PropertyValueSpecification\",\"valueRequired\":true,\"valueName\":\"search_term_string\"}}],\"inLanguage\":\"de\"},{\"@type\":[\"Person\",\"Organization\"],\"@id\":\"https:\\\/\\\/www.aloha-company.de\\\/#\\\/schema\\\/person\\\/eece843a889d6a1a2f91336f75a04527\",\"name\":\"SebAng_19\",\"image\":{\"@type\":\"ImageObject\",\"inLanguage\":\"de\",\"@id\":\"http:\\\/\\\/www.aloha-company.de\\\/wp-content\\\/uploads\\\/2021\\\/10\\\/logo.png\",\"url\":\"http:\\\/\\\/www.aloha-company.de\\\/wp-content\\\/uploads\\\/2021\\\/10\\\/logo.png\",\"contentUrl\":\"http:\\\/\\\/www.aloha-company.de\\\/wp-content\\\/uploads\\\/2021\\\/10\\\/logo.png\",\"width\":395,\"height\":236,\"caption\":\"SebAng_19\"},\"logo\":{\"@id\":\"http:\\\/\\\/www.aloha-company.de\\\/wp-content\\\/uploads\\\/2021\\\/10\\\/logo.png\"}}]}<\/script>\n<!-- \/ Yoast SEO plugin. -->","yoast_head_json":{"title":"Aloha -","description":"Bildergalerie der K\u00fcnstlerin Angela Haake-Weiler. Digitale und analoge Kunst.","robots":{"index":"index","follow":"follow","max-snippet":"max-snippet:-1","max-image-preview":"max-image-preview:large","max-video-preview":"max-video-preview:-1"},"canonical":"https:\/\/www.aloha-company.de\/","og_locale":"de_DE","og_type":"article","og_title":"Aloha -","og_description":"Bildergalerie der K\u00fcnstlerin Angela Haake-Weiler. Digitale und analoge Kunst.","og_url":"https:\/\/www.aloha-company.de\/","article_modified_time":"2024-09-10T12:05:40+00:00","og_image":[{"width":600,"height":450,"url":"https:\/\/www.aloha-company.de\/wp-content\/uploads\/2021\/11\/angi_japan.jpg","type":"image\/jpeg"}],"twitter_card":"summary_large_image","twitter_misc":{"Gesch\u00e4tzte Lesezeit":"1\u00a0Minute"},"schema":{"@context":"https:\/\/schema.org","@graph":[{"@type":"WebPage","@id":"https:\/\/www.aloha-company.de\/","url":"https:\/\/www.aloha-company.de\/","name":"Aloha -","isPartOf":{"@id":"https:\/\/www.aloha-company.de\/#website"},"primaryImageOfPage":{"@id":"https:\/\/www.aloha-company.de\/#primaryimage"},"image":{"@id":"https:\/\/www.aloha-company.de\/#primaryimage"},"thumbnailUrl":"http:\/\/www.aloha-company.de\/wp-content\/uploads\/2021\/11\/angi_japan.jpg","datePublished":"2021-10-28T13:47:22+00:00","dateModified":"2024-09-10T12:05:40+00:00","description":"Bildergalerie der K\u00fcnstlerin Angela Haake-Weiler. Digitale und analoge Kunst.","breadcrumb":{"@id":"https:\/\/www.aloha-company.de\/#breadcrumb"},"inLanguage":"de","potentialAction":[{"@type":"ReadAction","target":["https:\/\/www.aloha-company.de\/"]}]},{"@type":"ImageObject","inLanguage":"de","@id":"https:\/\/www.aloha-company.de\/#primaryimage","url":"http:\/\/www.aloha-company.de\/wp-content\/uploads\/2021\/11\/angi_japan.jpg","contentUrl":"http:\/\/www.aloha-company.de\/wp-content\/uploads\/2021\/11\/angi_japan.jpg","width":600,"height":450,"caption":"self"},{"@type":"BreadcrumbList","@id":"https:\/\/www.aloha-company.de\/#breadcrumb","itemListElement":[{"@type":"ListItem","position":1,"name":"Startseite","item":"https:\/\/www.aloha-company.de\/"},{"@type":"ListItem","position":2,"name":"Aloha"}]},{"@type":"WebSite","@id":"https:\/\/www.aloha-company.de\/#website","url":"https:\/\/www.aloha-company.de\/","name":"Angela Haake-Weiler","description":"","publisher":{"@id":"https:\/\/www.aloha-company.de\/#\/schema\/person\/eece843a889d6a1a2f91336f75a04527"},"potentialAction":[{"@type":"SearchAction","target":{"@type":"EntryPoint","urlTemplate":"https:\/\/www.aloha-company.de\/?s={search_term_string}"},"query-input":{"@type":"PropertyValueSpecification","valueRequired":true,"valueName":"search_term_string"}}],"inLanguage":"de"},{"@type":["Person","Organization"],"@id":"https:\/\/www.aloha-company.de\/#\/schema\/person\/eece843a889d6a1a2f91336f75a04527","name":"SebAng_19","image":{"@type":"ImageObject","inLanguage":"de","@id":"http:\/\/www.aloha-company.de\/wp-content\/uploads\/2021\/10\/logo.png","url":"http:\/\/www.aloha-company.de\/wp-content\/uploads\/2021\/10\/logo.png","contentUrl":"http:\/\/www.aloha-company.de\/wp-content\/uploads\/2021\/10\/logo.png","width":395,"height":236,"caption":"SebAng_19"},"logo":{"@id":"http:\/\/www.aloha-company.de\/wp-content\/uploads\/2021\/10\/logo.png"}}]}},"_links":{"self":[{"href":"http:\/\/www.aloha-company.de\/index.php\/wp-json\/wp\/v2\/pages\/308","targetHints":{"allow":["GET"]}}],"collection":[{"href":"http:\/\/www.aloha-company.de\/index.php\/wp-json\/wp\/v2\/pages"}],"about":[{"href":"http:\/\/www.aloha-company.de\/index.php\/wp-json\/wp\/v2\/types\/page"}],"author":[{"embeddable":true,"href":"http:\/\/www.aloha-company.de\/index.php\/wp-json\/wp\/v2\/users\/1"}],"replies":[{"embeddable":true,"href":"http:\/\/www.aloha-company.de\/index.php\/wp-json\/wp\/v2\/comments?post=308"}],"version-history":[{"count":151,"href":"http:\/\/www.aloha-company.de\/index.php\/wp-json\/wp\/v2\/pages\/308\/revisions"}],"predecessor-version":[{"id":1172,"href":"http:\/\/www.aloha-company.de\/index.php\/wp-json\/wp\/v2\/pages\/308\/revisions\/1172"}],"wp:featuredmedia":[{"embeddable":true,"href":"http:\/\/www.aloha-company.de\/index.php\/wp-json\/wp\/v2\/media\/408"}],"wp:attachment":[{"href":"http:\/\/www.aloha-company.de\/index.php\/wp-json\/wp\/v2\/media?parent=308"}],"curies":[{"name":"wp","href":"https:\/\/api.w.org\/{rel}","templated":true}]}}