{"id":87,"date":"2014-09-17T10:46:05","date_gmt":"2014-09-17T10:46:05","guid":{"rendered":"http:\/\/wp12086380.server-he.de\/angelblock\/?page_id=87"},"modified":"2018-05-18T11:21:19","modified_gmt":"2018-05-18T11:21:19","slug":"impressum-2","status":"publish","type":"page","link":"https:\/\/www.aloha-company.de\/angelblock\/impressum-2\/","title":{"rendered":"Impressum"},"content":{"rendered":"<p class=\"Stil3\">Angela Haake-Weiler<br \/>\nfreie Multimedia-Grafikerin<\/p>\n<p class=\"Stil3\">Overather Strasse 18<br \/>\n51429 Bergisch Gladbach<\/p>\n<p class=\"Stil3\">Telefon:02204\/63393<br \/>\nTelefax:02204\/424720<br \/>\nE-mail: aha@haawei-net.de<br \/>\n<a href=\"http:\/\/aloha-company.de\/angelblock\/\">http:\/\/aloha-company.de\/angelblock\/<\/a><\/p>\n<p>Disclaimer \u2013 rechtliche Hinweise<\/p>\n<p>Haftungsbeschr\u00e4nkung<\/p>\n<p>Die Inhalte dieser Website erstelle ich mit gr\u00f6\u00dftm\u00f6glicher Sorgfalt. Ich \u00fcbernehme jedoch keine Gew\u00e4hr f\u00fcr die Richtigkeit, Vollst\u00e4ndigkeit und Aktualit\u00e4t der bereitgestellten Inhalte und die Nutzung der Inhalte der Website erfolgt auf eigene Gefahr des Nutzers. Beitr\u00e4ge anderer Autoren geben die Meinung des jeweiligen Autors und nicht immer meine Meinung wieder. Mit der reinen Nutzung der Website des Dienstanbieters kommt keinerlei Vertragsverh\u00e4ltnis zwischen dem Nutzer und dem Dienstanbieters zustande.<\/p>\n<p>&nbsp;<\/p>\n<p>Externe Links<\/p>\n<p>Diese Website enth\u00e4lt Verkn\u00fcpfungen zu Websites Dritter sogenannten &#8222;externen Links&#8220; und diese unterliegen der Haftung der jeweiligen Betreiber. Bei der erstmaligen Verkn\u00fcpfung der externen Links wurden die fremden Inhalte daraufhin \u00fcberpr\u00fcft, ob etwaige Rechtsverst\u00f6\u00dfe bestehen und zu diesem Zeitpunkt waren keine Rechtsverst\u00f6\u00dfe ersichtlich. Der Dienstanbieter hat keinerlei Einfluss auf die aktuelle und zuk\u00fcnftige Gestaltung und auf die Inhalte der verkn\u00fcpften Seiten. Durch das Setzen von externen Links macht sich der Anbieter die hinter dem Verweis oder Link liegenden Inhalte nicht zu Eigen. Eine st\u00e4ndige Kontrolle der externen Links ist f\u00fcr den Anbieter ohne konkrete Hinweise auf Rechtsverst\u00f6\u00dfe nicht zumutbar. Werden Rechtsverst\u00f6\u00dfe bekannt werden diese externen Links unverz\u00fcglich gel\u00f6scht.<\/p>\n<p>&nbsp;<\/p>\n<p>Urheber- und Leistungsschutzrechte<\/p>\n<p>Die ver\u00f6ffentlichten Inhalte auf dieser Website unterliegen dem deutschen Urheber- und Leistungsschutzrecht. Jede vom deutschen Urheber- und Leistungsschutzrecht nicht zugelassene Verwertung bed\u00fcrfen der vorherigen schriftlichen Erlaubnis des Anbieters oder des jeweiligen Autors und Rechteinhabers. Vervielf\u00e4ltigung, Bearbeitung, \u00dcbersetzung, Einspeicherung, Verarbeitung bzw. Wiedergabe einzelner Inhalte oder kompletter Seiten ist nicht gestattet und strafbar. Inhalte und Rechte Dritter sind dabei als solche gekennzeichnet.Sollten Sie trotzdem auf eine Urheberrechtsverletzung aufmerksam werden, bitten wir um einen entsprechenden Hinweis, damit derartige Inhalte umgehend entfernt werden k\u00f6nnen.<br \/>\nDownloads und Kopien dieser Seite sind lediglich f\u00fcr den privaten, nicht kommerziellen Gebrauch gestattet.<\/p>\n<p>&nbsp;<\/p>\n<p>Datenschutzerkl\u00e4rung:<\/p>\n<p>Die Nutzung der Webseite ist ohne Angaben personenbezogener Daten m\u00f6glich.<br \/>\nIm Rahmen der Kommentarfunktion werden personenbezogene Daten (z.B. Name, Anschrift, E-Mail) erhoben und diese erfolgen soweit m\u00f6glich freiwillig. Wird ein Kommentar ver\u00f6ffentlicht wird die von Ihnen angegebene Email-Adresse gespeichert, jedoch nicht ver\u00f6ffentlicht. Sollten Sie kein Pseudonym angeben wird Ihr Name ver\u00f6ffentlicht.<br \/>\nBei der Daten\u00fcbertragung im Internet kann es Sicherheitsl\u00fccken geben und daher kann kein l\u00fcckenlosen Schutz vor dem Zugriff Dritter gew\u00e4hrleistet werden.<br \/>\nDer Dienstanbieter dieser Seite widerspricht hiermit der Nutzung von im Rahmen der Impressumspflicht ver\u00f6ffentlichten Kontaktdaten durch Dritte zur \u00dcbersendung von nicht ausdr\u00fccklich angeforderter Werbung. Werden doch unverlangt Werbeinformationen zugesendet werden rechtliche Schritte eingeleitet.<\/p>\n","protected":false},"excerpt":{"rendered":"<p>Angela Haake-Weiler freie Multimedia-Grafikerin Overather Strasse 18 51429 Bergisch Gladbach Telefon:02204\/63393 Telefax:02204\/424720 E-mail: aha@haawei-net.de http:\/\/aloha-company.de\/angelblock\/ Disclaimer \u2013 rechtliche Hinweise Haftungsbeschr\u00e4nkung Die Inhalte dieser Website erstelle ich mit gr\u00f6\u00dftm\u00f6glicher Sorgfalt. Ich \u00fcbernehme jedoch keine Gew\u00e4hr f\u00fcr die Richtigkeit, Vollst\u00e4ndigkeit und Aktualit\u00e4t der bereitgestellten Inhalte und die Nutzung der Inhalte der Website erfolgt auf eigene Gefahr des &hellip; <a href=\"https:\/\/www.aloha-company.de\/angelblock\/impressum-2\/\" class=\"more-link\"><span class=\"screen-reader-text\">Impressum<\/span> weiterlesen <span class=\"meta-nav\">&rarr;<\/span><\/a><\/p>\n","protected":false},"author":1,"featured_media":0,"parent":0,"menu_order":0,"comment_status":"closed","ping_status":"closed","template":"","meta":{"footnotes":""},"yoast_head":"<!-- This site is optimized with the Yoast SEO plugin v23.3 - https:\/\/yoast.com\/wordpress\/plugins\/seo\/ -->\n<title>Impressum - Haawei<\/title>\n<meta name=\"robots\" content=\"index, follow, max-snippet:-1, max-image-preview:large, max-video-preview:-1\" \/>\n<link rel=\"canonical\" href=\"https:\/\/www.aloha-company.de\/angelblock\/impressum-2\/\" \/>\n<meta property=\"og:locale\" content=\"de_DE\" \/>\n<meta property=\"og:type\" content=\"article\" \/>\n<meta property=\"og:title\" content=\"Impressum - Haawei\" \/>\n<meta property=\"og:description\" content=\"Angela Haake-Weiler freie Multimedia-Grafikerin Overather Strasse 18 51429 Bergisch Gladbach Telefon:02204\/63393 Telefax:02204\/424720 E-mail: aha@haawei-net.de http:\/\/aloha-company.de\/angelblock\/ Disclaimer \u2013 rechtliche Hinweise Haftungsbeschr\u00e4nkung Die Inhalte dieser Website erstelle ich mit gr\u00f6\u00dftm\u00f6glicher Sorgfalt. Ich \u00fcbernehme jedoch keine Gew\u00e4hr f\u00fcr die Richtigkeit, Vollst\u00e4ndigkeit und Aktualit\u00e4t der bereitgestellten Inhalte und die Nutzung der Inhalte der Website erfolgt auf eigene Gefahr des &hellip; Impressum weiterlesen &rarr;\" \/>\n<meta property=\"og:url\" content=\"https:\/\/www.aloha-company.de\/angelblock\/impressum-2\/\" \/>\n<meta property=\"og:site_name\" content=\"Haawei\" \/>\n<meta property=\"article:modified_time\" content=\"2018-05-18T11:21:19+00:00\" \/>\n<meta name=\"twitter:card\" content=\"summary_large_image\" \/>\n<meta name=\"twitter:label1\" content=\"Gesch\u00e4tzte Lesezeit\" \/>\n\t<meta name=\"twitter:data1\" content=\"2 Minuten\" \/>\n<script type=\"application\/ld+json\" class=\"yoast-schema-graph\">{\"@context\":\"https:\/\/schema.org\",\"@graph\":[{\"@type\":\"WebPage\",\"@id\":\"https:\/\/www.aloha-company.de\/angelblock\/impressum-2\/\",\"url\":\"https:\/\/www.aloha-company.de\/angelblock\/impressum-2\/\",\"name\":\"Impressum - Haawei\",\"isPartOf\":{\"@id\":\"https:\/\/www.aloha-company.de\/angelblock\/#website\"},\"datePublished\":\"2014-09-17T10:46:05+00:00\",\"dateModified\":\"2018-05-18T11:21:19+00:00\",\"breadcrumb\":{\"@id\":\"https:\/\/www.aloha-company.de\/angelblock\/impressum-2\/#breadcrumb\"},\"inLanguage\":\"de-DE\",\"potentialAction\":[{\"@type\":\"ReadAction\",\"target\":[\"https:\/\/www.aloha-company.de\/angelblock\/impressum-2\/\"]}]},{\"@type\":\"BreadcrumbList\",\"@id\":\"https:\/\/www.aloha-company.de\/angelblock\/impressum-2\/#breadcrumb\",\"itemListElement\":[{\"@type\":\"ListItem\",\"position\":1,\"name\":\"Startseite\",\"item\":\"https:\/\/www.aloha-company.de\/angelblock\/\"},{\"@type\":\"ListItem\",\"position\":2,\"name\":\"Impressum\"}]},{\"@type\":\"WebSite\",\"@id\":\"https:\/\/www.aloha-company.de\/angelblock\/#website\",\"url\":\"https:\/\/www.aloha-company.de\/angelblock\/\",\"name\":\"Haawei\",\"description\":\"Aloha Magazin\",\"potentialAction\":[{\"@type\":\"SearchAction\",\"target\":{\"@type\":\"EntryPoint\",\"urlTemplate\":\"https:\/\/www.aloha-company.de\/angelblock\/?s={search_term_string}\"},\"query-input\":\"required name=search_term_string\"}],\"inLanguage\":\"de-DE\"}]}<\/script>\n<!-- \/ Yoast SEO plugin. -->","yoast_head_json":{"title":"Impressum - Haawei","robots":{"index":"index","follow":"follow","max-snippet":"max-snippet:-1","max-image-preview":"max-image-preview:large","max-video-preview":"max-video-preview:-1"},"canonical":"https:\/\/www.aloha-company.de\/angelblock\/impressum-2\/","og_locale":"de_DE","og_type":"article","og_title":"Impressum - Haawei","og_description":"Angela Haake-Weiler freie Multimedia-Grafikerin Overather Strasse 18 51429 Bergisch Gladbach Telefon:02204\/63393 Telefax:02204\/424720 E-mail: aha@haawei-net.de http:\/\/aloha-company.de\/angelblock\/ Disclaimer \u2013 rechtliche Hinweise Haftungsbeschr\u00e4nkung Die Inhalte dieser Website erstelle ich mit gr\u00f6\u00dftm\u00f6glicher Sorgfalt. Ich \u00fcbernehme jedoch keine Gew\u00e4hr f\u00fcr die Richtigkeit, Vollst\u00e4ndigkeit und Aktualit\u00e4t der bereitgestellten Inhalte und die Nutzung der Inhalte der Website erfolgt auf eigene Gefahr des &hellip; Impressum weiterlesen &rarr;","og_url":"https:\/\/www.aloha-company.de\/angelblock\/impressum-2\/","og_site_name":"Haawei","article_modified_time":"2018-05-18T11:21:19+00:00","twitter_card":"summary_large_image","twitter_misc":{"Gesch\u00e4tzte Lesezeit":"2 Minuten"},"schema":{"@context":"https:\/\/schema.org","@graph":[{"@type":"WebPage","@id":"https:\/\/www.aloha-company.de\/angelblock\/impressum-2\/","url":"https:\/\/www.aloha-company.de\/angelblock\/impressum-2\/","name":"Impressum - Haawei","isPartOf":{"@id":"https:\/\/www.aloha-company.de\/angelblock\/#website"},"datePublished":"2014-09-17T10:46:05+00:00","dateModified":"2018-05-18T11:21:19+00:00","breadcrumb":{"@id":"https:\/\/www.aloha-company.de\/angelblock\/impressum-2\/#breadcrumb"},"inLanguage":"de-DE","potentialAction":[{"@type":"ReadAction","target":["https:\/\/www.aloha-company.de\/angelblock\/impressum-2\/"]}]},{"@type":"BreadcrumbList","@id":"https:\/\/www.aloha-company.de\/angelblock\/impressum-2\/#breadcrumb","itemListElement":[{"@type":"ListItem","position":1,"name":"Startseite","item":"https:\/\/www.aloha-company.de\/angelblock\/"},{"@type":"ListItem","position":2,"name":"Impressum"}]},{"@type":"WebSite","@id":"https:\/\/www.aloha-company.de\/angelblock\/#website","url":"https:\/\/www.aloha-company.de\/angelblock\/","name":"Haawei","description":"Aloha Magazin","potentialAction":[{"@type":"SearchAction","target":{"@type":"EntryPoint","urlTemplate":"https:\/\/www.aloha-company.de\/angelblock\/?s={search_term_string}"},"query-input":"required name=search_term_string"}],"inLanguage":"de-DE"}]}},"_links":{"self":[{"href":"https:\/\/www.aloha-company.de\/angelblock\/wp-json\/wp\/v2\/pages\/87"}],"collection":[{"href":"https:\/\/www.aloha-company.de\/angelblock\/wp-json\/wp\/v2\/pages"}],"about":[{"href":"https:\/\/www.aloha-company.de\/angelblock\/wp-json\/wp\/v2\/types\/page"}],"author":[{"embeddable":true,"href":"https:\/\/www.aloha-company.de\/angelblock\/wp-json\/wp\/v2\/users\/1"}],"replies":[{"embeddable":true,"href":"https:\/\/www.aloha-company.de\/angelblock\/wp-json\/wp\/v2\/comments?post=87"}],"version-history":[{"count":6,"href":"https:\/\/www.aloha-company.de\/angelblock\/wp-json\/wp\/v2\/pages\/87\/revisions"}],"predecessor-version":[{"id":1166,"href":"https:\/\/www.aloha-company.de\/angelblock\/wp-json\/wp\/v2\/pages\/87\/revisions\/1166"}],"wp:attachment":[{"href":"https:\/\/www.aloha-company.de\/angelblock\/wp-json\/wp\/v2\/media?parent=87"}],"curies":[{"name":"wp","href":"https:\/\/api.w.org\/{rel}","templated":true}]}}