{"id":919,"date":"2017-10-09T15:22:00","date_gmt":"2017-10-09T15:22:00","guid":{"rendered":"http:\/\/wp12086380.server-he.de\/angelblock\/?page_id=919"},"modified":"2022-09-08T10:53:53","modified_gmt":"2022-09-08T10:53:53","slug":"ueber-mich","status":"publish","type":"page","link":"https:\/\/www.aloha-company.de\/angelblock\/ueber-mich\/","title":{"rendered":"\u00dcber mich"},"content":{"rendered":"<p><img loading=\"lazy\" decoding=\"async\" class=\"alignnone size-medium wp-image-1012\" src=\"http:\/\/wp12086380.server-he.de\/angelblock\/wp-content\/uploads\/2018\/02\/angela-225x300.jpeg\" alt=\"\" width=\"225\" height=\"300\" srcset=\"https:\/\/www.aloha-company.de\/angelblock\/wp-content\/uploads\/2018\/02\/angela-225x300.jpeg 225w, https:\/\/www.aloha-company.de\/angelblock\/wp-content\/uploads\/2018\/02\/angela-768x1024.jpeg 768w, https:\/\/www.aloha-company.de\/angelblock\/wp-content\/uploads\/2018\/02\/angela-450x600.jpeg 450w, https:\/\/www.aloha-company.de\/angelblock\/wp-content\/uploads\/2018\/02\/angela.jpeg 960w\" sizes=\"(max-width: 225px) 100vw, 225px\" \/><\/p>\n<p>Mein Name ist\u00a0 Angela Haake-Weiler.<br \/>\nIm Herzen von Bensberg habe ich ein kleines Grafikb\u00fcro, in dem ich Werbung jeglicher Art mache. Wenn ich gerade keine Kunden zu betreuen habe, lasse ich meine Kreativit\u00e4t spielen und manche dieser Ideen landen dann in diesem Blog, damit sie aus dem Elfenbeinturm an die \u00d6ffentlichkeit gelangen.<\/p>\n<p>Wer etwas \u00fcber mein B\u00fcro erfahren will kann ja auf meiner Webseite vorbeischauen:<br \/>\n<a href=\"http:\/\/haawei-net.de\">http:\/\/haawei-net.de<\/a><\/p>\n<p>Und wer mehr \u00fcber meine Kunst erfahren will, hier geht es zu meiner Online-Galerie:<br \/>\n<a href=\"http:\/\/www.aloha-company.de\/\" target=\"_blank\" rel=\"noopener\">http:\/\/www.aloha-company.de\/<\/a><\/p>\n","protected":false},"excerpt":{"rendered":"<p>Mein Name ist\u00a0 Angela Haake-Weiler. Im Herzen von Bensberg habe ich ein kleines Grafikb\u00fcro, in dem ich Werbung jeglicher Art mache. Wenn ich gerade keine Kunden zu betreuen habe, lasse ich meine Kreativit\u00e4t spielen und manche dieser Ideen landen dann in diesem Blog, damit sie aus dem Elfenbeinturm an die \u00d6ffentlichkeit gelangen. Wer etwas \u00fcber &hellip; <a href=\"https:\/\/www.aloha-company.de\/angelblock\/ueber-mich\/\" class=\"more-link\"><span class=\"screen-reader-text\">\u00dcber mich<\/span> weiterlesen <span class=\"meta-nav\">&rarr;<\/span><\/a><\/p>\n","protected":false},"author":1,"featured_media":0,"parent":0,"menu_order":0,"comment_status":"closed","ping_status":"closed","template":"","meta":{"footnotes":""},"yoast_head":"<!-- This site is optimized with the Yoast SEO plugin v23.3 - https:\/\/yoast.com\/wordpress\/plugins\/seo\/ -->\n<title>\u00dcber mich - Haawei<\/title>\n<meta name=\"robots\" content=\"index, follow, max-snippet:-1, max-image-preview:large, max-video-preview:-1\" \/>\n<link rel=\"canonical\" href=\"https:\/\/www.aloha-company.de\/angelblock\/ueber-mich\/\" \/>\n<meta property=\"og:locale\" content=\"de_DE\" \/>\n<meta property=\"og:type\" content=\"article\" \/>\n<meta property=\"og:title\" content=\"\u00dcber mich - Haawei\" \/>\n<meta property=\"og:description\" content=\"Mein Name ist\u00a0 Angela Haake-Weiler. Im Herzen von Bensberg habe ich ein kleines Grafikb\u00fcro, in dem ich Werbung jeglicher Art mache. Wenn ich gerade keine Kunden zu betreuen habe, lasse ich meine Kreativit\u00e4t spielen und manche dieser Ideen landen dann in diesem Blog, damit sie aus dem Elfenbeinturm an die \u00d6ffentlichkeit gelangen. Wer etwas \u00fcber &hellip; \u00dcber mich weiterlesen &rarr;\" \/>\n<meta property=\"og:url\" content=\"https:\/\/www.aloha-company.de\/angelblock\/ueber-mich\/\" \/>\n<meta property=\"og:site_name\" content=\"Haawei\" \/>\n<meta property=\"article:modified_time\" content=\"2022-09-08T10:53:53+00:00\" \/>\n<meta property=\"og:image\" content=\"http:\/\/wp12086380.server-he.de\/angelblock\/wp-content\/uploads\/2018\/02\/angela-225x300.jpeg\" \/>\n<meta name=\"twitter:card\" content=\"summary_large_image\" \/>\n<meta name=\"twitter:label1\" content=\"Gesch\u00e4tzte Lesezeit\" \/>\n\t<meta name=\"twitter:data1\" content=\"1 Minute\" \/>\n<script type=\"application\/ld+json\" class=\"yoast-schema-graph\">{\"@context\":\"https:\/\/schema.org\",\"@graph\":[{\"@type\":\"WebPage\",\"@id\":\"https:\/\/www.aloha-company.de\/angelblock\/ueber-mich\/\",\"url\":\"https:\/\/www.aloha-company.de\/angelblock\/ueber-mich\/\",\"name\":\"\u00dcber mich - Haawei\",\"isPartOf\":{\"@id\":\"https:\/\/www.aloha-company.de\/angelblock\/#website\"},\"primaryImageOfPage\":{\"@id\":\"https:\/\/www.aloha-company.de\/angelblock\/ueber-mich\/#primaryimage\"},\"image\":{\"@id\":\"https:\/\/www.aloha-company.de\/angelblock\/ueber-mich\/#primaryimage\"},\"thumbnailUrl\":\"http:\/\/wp12086380.server-he.de\/angelblock\/wp-content\/uploads\/2018\/02\/angela-225x300.jpeg\",\"datePublished\":\"2017-10-09T15:22:00+00:00\",\"dateModified\":\"2022-09-08T10:53:53+00:00\",\"breadcrumb\":{\"@id\":\"https:\/\/www.aloha-company.de\/angelblock\/ueber-mich\/#breadcrumb\"},\"inLanguage\":\"de-DE\",\"potentialAction\":[{\"@type\":\"ReadAction\",\"target\":[\"https:\/\/www.aloha-company.de\/angelblock\/ueber-mich\/\"]}]},{\"@type\":\"ImageObject\",\"inLanguage\":\"de-DE\",\"@id\":\"https:\/\/www.aloha-company.de\/angelblock\/ueber-mich\/#primaryimage\",\"url\":\"http:\/\/wp12086380.server-he.de\/angelblock\/wp-content\/uploads\/2018\/02\/angela-225x300.jpeg\",\"contentUrl\":\"http:\/\/wp12086380.server-he.de\/angelblock\/wp-content\/uploads\/2018\/02\/angela-225x300.jpeg\"},{\"@type\":\"BreadcrumbList\",\"@id\":\"https:\/\/www.aloha-company.de\/angelblock\/ueber-mich\/#breadcrumb\",\"itemListElement\":[{\"@type\":\"ListItem\",\"position\":1,\"name\":\"Startseite\",\"item\":\"https:\/\/www.aloha-company.de\/angelblock\/\"},{\"@type\":\"ListItem\",\"position\":2,\"name\":\"\u00dcber mich\"}]},{\"@type\":\"WebSite\",\"@id\":\"https:\/\/www.aloha-company.de\/angelblock\/#website\",\"url\":\"https:\/\/www.aloha-company.de\/angelblock\/\",\"name\":\"Haawei\",\"description\":\"Aloha Magazin\",\"potentialAction\":[{\"@type\":\"SearchAction\",\"target\":{\"@type\":\"EntryPoint\",\"urlTemplate\":\"https:\/\/www.aloha-company.de\/angelblock\/?s={search_term_string}\"},\"query-input\":\"required name=search_term_string\"}],\"inLanguage\":\"de-DE\"}]}<\/script>\n<!-- \/ Yoast SEO plugin. -->","yoast_head_json":{"title":"\u00dcber mich - Haawei","robots":{"index":"index","follow":"follow","max-snippet":"max-snippet:-1","max-image-preview":"max-image-preview:large","max-video-preview":"max-video-preview:-1"},"canonical":"https:\/\/www.aloha-company.de\/angelblock\/ueber-mich\/","og_locale":"de_DE","og_type":"article","og_title":"\u00dcber mich - Haawei","og_description":"Mein Name ist\u00a0 Angela Haake-Weiler. Im Herzen von Bensberg habe ich ein kleines Grafikb\u00fcro, in dem ich Werbung jeglicher Art mache. Wenn ich gerade keine Kunden zu betreuen habe, lasse ich meine Kreativit\u00e4t spielen und manche dieser Ideen landen dann in diesem Blog, damit sie aus dem Elfenbeinturm an die \u00d6ffentlichkeit gelangen. Wer etwas \u00fcber &hellip; \u00dcber mich weiterlesen &rarr;","og_url":"https:\/\/www.aloha-company.de\/angelblock\/ueber-mich\/","og_site_name":"Haawei","article_modified_time":"2022-09-08T10:53:53+00:00","og_image":[{"url":"http:\/\/wp12086380.server-he.de\/angelblock\/wp-content\/uploads\/2018\/02\/angela-225x300.jpeg"}],"twitter_card":"summary_large_image","twitter_misc":{"Gesch\u00e4tzte Lesezeit":"1 Minute"},"schema":{"@context":"https:\/\/schema.org","@graph":[{"@type":"WebPage","@id":"https:\/\/www.aloha-company.de\/angelblock\/ueber-mich\/","url":"https:\/\/www.aloha-company.de\/angelblock\/ueber-mich\/","name":"\u00dcber mich - Haawei","isPartOf":{"@id":"https:\/\/www.aloha-company.de\/angelblock\/#website"},"primaryImageOfPage":{"@id":"https:\/\/www.aloha-company.de\/angelblock\/ueber-mich\/#primaryimage"},"image":{"@id":"https:\/\/www.aloha-company.de\/angelblock\/ueber-mich\/#primaryimage"},"thumbnailUrl":"http:\/\/wp12086380.server-he.de\/angelblock\/wp-content\/uploads\/2018\/02\/angela-225x300.jpeg","datePublished":"2017-10-09T15:22:00+00:00","dateModified":"2022-09-08T10:53:53+00:00","breadcrumb":{"@id":"https:\/\/www.aloha-company.de\/angelblock\/ueber-mich\/#breadcrumb"},"inLanguage":"de-DE","potentialAction":[{"@type":"ReadAction","target":["https:\/\/www.aloha-company.de\/angelblock\/ueber-mich\/"]}]},{"@type":"ImageObject","inLanguage":"de-DE","@id":"https:\/\/www.aloha-company.de\/angelblock\/ueber-mich\/#primaryimage","url":"http:\/\/wp12086380.server-he.de\/angelblock\/wp-content\/uploads\/2018\/02\/angela-225x300.jpeg","contentUrl":"http:\/\/wp12086380.server-he.de\/angelblock\/wp-content\/uploads\/2018\/02\/angela-225x300.jpeg"},{"@type":"BreadcrumbList","@id":"https:\/\/www.aloha-company.de\/angelblock\/ueber-mich\/#breadcrumb","itemListElement":[{"@type":"ListItem","position":1,"name":"Startseite","item":"https:\/\/www.aloha-company.de\/angelblock\/"},{"@type":"ListItem","position":2,"name":"\u00dcber mich"}]},{"@type":"WebSite","@id":"https:\/\/www.aloha-company.de\/angelblock\/#website","url":"https:\/\/www.aloha-company.de\/angelblock\/","name":"Haawei","description":"Aloha Magazin","potentialAction":[{"@type":"SearchAction","target":{"@type":"EntryPoint","urlTemplate":"https:\/\/www.aloha-company.de\/angelblock\/?s={search_term_string}"},"query-input":"required name=search_term_string"}],"inLanguage":"de-DE"}]}},"_links":{"self":[{"href":"https:\/\/www.aloha-company.de\/angelblock\/wp-json\/wp\/v2\/pages\/919"}],"collection":[{"href":"https:\/\/www.aloha-company.de\/angelblock\/wp-json\/wp\/v2\/pages"}],"about":[{"href":"https:\/\/www.aloha-company.de\/angelblock\/wp-json\/wp\/v2\/types\/page"}],"author":[{"embeddable":true,"href":"https:\/\/www.aloha-company.de\/angelblock\/wp-json\/wp\/v2\/users\/1"}],"replies":[{"embeddable":true,"href":"https:\/\/www.aloha-company.de\/angelblock\/wp-json\/wp\/v2\/comments?post=919"}],"version-history":[{"count":5,"href":"https:\/\/www.aloha-company.de\/angelblock\/wp-json\/wp\/v2\/pages\/919\/revisions"}],"predecessor-version":[{"id":1533,"href":"https:\/\/www.aloha-company.de\/angelblock\/wp-json\/wp\/v2\/pages\/919\/revisions\/1533"}],"wp:attachment":[{"href":"https:\/\/www.aloha-company.de\/angelblock\/wp-json\/wp\/v2\/media?parent=919"}],"curies":[{"name":"wp","href":"https:\/\/api.w.org\/{rel}","templated":true}]}}